{"id":71,"date":"2016-08-06T10:16:40","date_gmt":"2016-08-06T09:16:40","guid":{"rendered":"http:\/\/ks-travel.fr\/?page_id=71"},"modified":"2019-02-13T21:25:17","modified_gmt":"2019-02-13T20:25:17","slug":"videos","status":"publish","type":"page","link":"https:\/\/ks-travel.fr\/index.php\/videos\/","title":{"rendered":"Vid\u00e9os"},"content":{"rendered":"<p>Toutes les vid\u00e9os disponibles sur la cha\u00eene YouTube :\u00a0<a href=\"https:\/\/www.youtube.com\/channel\/UCorNtyuIgwPNEpd-fLUFr3A\" target=\"_blank\" rel=\"noopener\">Ks Travel Blog<\/a><\/p>\n<p><img loading=\"lazy\" decoding=\"async\" class=\"size-medium wp-image-6747 aligncenter\" src=\"https:\/\/ks-travel.fr\/wp-content\/uploads\/2019\/02\/youtube-300x225.jpg\" alt=\"\" width=\"300\" height=\"225\" srcset=\"https:\/\/ks-travel.fr\/wp-content\/uploads\/2019\/02\/youtube-300x225.jpg 300w, https:\/\/ks-travel.fr\/wp-content\/uploads\/2019\/02\/youtube-768x576.jpg 768w, https:\/\/ks-travel.fr\/wp-content\/uploads\/2019\/02\/youtube.jpg 960w\" sizes=\"auto, (max-width: 300px) 100vw, 300px\" \/><\/p>\n","protected":false},"excerpt":{"rendered":"<p>Toutes les vid\u00e9os disponibles sur la cha\u00eene YouTube :\u00a0Ks Travel Blog<\/p>\n","protected":false},"author":1,"featured_media":435,"parent":0,"menu_order":1,"comment_status":"closed","ping_status":"closed","template":"","meta":{"footnotes":""},"class_list":["post-71","page","type-page","status-publish","has-post-thumbnail","hentry"],"_links":{"self":[{"href":"https:\/\/ks-travel.fr\/index.php\/wp-json\/wp\/v2\/pages\/71","targetHints":{"allow":["GET"]}}],"collection":[{"href":"https:\/\/ks-travel.fr\/index.php\/wp-json\/wp\/v2\/pages"}],"about":[{"href":"https:\/\/ks-travel.fr\/index.php\/wp-json\/wp\/v2\/types\/page"}],"author":[{"embeddable":true,"href":"https:\/\/ks-travel.fr\/index.php\/wp-json\/wp\/v2\/users\/1"}],"replies":[{"embeddable":true,"href":"https:\/\/ks-travel.fr\/index.php\/wp-json\/wp\/v2\/comments?post=71"}],"version-history":[{"count":10,"href":"https:\/\/ks-travel.fr\/index.php\/wp-json\/wp\/v2\/pages\/71\/revisions"}],"predecessor-version":[{"id":6749,"href":"https:\/\/ks-travel.fr\/index.php\/wp-json\/wp\/v2\/pages\/71\/revisions\/6749"}],"wp:featuredmedia":[{"embeddable":true,"href":"https:\/\/ks-travel.fr\/index.php\/wp-json\/wp\/v2\/media\/435"}],"wp:attachment":[{"href":"https:\/\/ks-travel.fr\/index.php\/wp-json\/wp\/v2\/media?parent=71"}],"curies":[{"name":"wp","href":"https:\/\/api.w.org\/{rel}","templated":true}]}}