{"id":2577,"date":"2016-12-16T18:58:40","date_gmt":"2016-12-16T17:58:40","guid":{"rendered":"http:\/\/ks-travel.fr\/?page_id=2577"},"modified":"2026-01-24T18:42:24","modified_gmt":"2026-01-24T17:42:24","slug":"acceuil","status":"publish","type":"page","link":"https:\/\/ks-travel.fr\/index.php\/acceuil\/","title":{"rendered":"Accueil"},"content":{"rendered":"<p>Bienvenue sur mon blog voyages<\/p>\n<p><img loading=\"lazy\" decoding=\"async\" class=\"alignnone size-medium wp-image-10943\" src=\"https:\/\/ks-travel.fr\/wp-content\/uploads\/2022\/06\/20220624_223023-225x300.jpg\" alt=\"\" width=\"225\" height=\"300\" srcset=\"https:\/\/ks-travel.fr\/wp-content\/uploads\/2022\/06\/20220624_223023-225x300.jpg 225w, https:\/\/ks-travel.fr\/wp-content\/uploads\/2022\/06\/20220624_223023-768x1024.jpg 768w, https:\/\/ks-travel.fr\/wp-content\/uploads\/2022\/06\/20220624_223023-1152x1536.jpg 1152w, https:\/\/ks-travel.fr\/wp-content\/uploads\/2022\/06\/20220624_223023-1536x2048.jpg 1536w, https:\/\/ks-travel.fr\/wp-content\/uploads\/2022\/06\/20220624_223023-scaled.jpg 1920w\" sizes=\"auto, (max-width: 225px) 100vw, 225px\" \/><\/p>\n<p>J&rsquo;ai cr\u00e9e ce blog pour partager mes voyages effectu\u00e9s autour de la plan\u00e8te.<\/p>\n<p>Ks Travel est un site sans pr\u00e9tentions. Le but n&rsquo;est pas de dire apr\u00e8s un s\u00e9jour d&rsquo;un week-end \u00e0 plusieurs semaines que je connais le pays.<\/p>\n<p>Je souhaite simplement vous partager :<\/p>\n<ul>\n<li>des lieux magnifiques comme cette plan\u00e8te en regorge<\/li>\n<li>voir comment nos semblables vivent ailleurs<\/li>\n<li>vous apporter des conseils pratiques pour vos futurs voyages.<\/li>\n<\/ul>\n<p>Il manquera certainement des lieux que vous avez visit\u00e9, mais un voyage c&rsquo;est d&rsquo;abord en prendre plein les yeux, faire des rencontres et appr\u00e9cier le moment. Tout n&rsquo;a pas \u00e9t\u00e9 photographi\u00e9 ou film\u00e9. L&rsquo;appareil photo n&rsquo;\u00e9tant l\u00e0 que pour figer certains instants.<\/p>\n<p>Je tiens \u00e0 remercier \u00ab\u00a0l&rsquo;Entit\u00e9 sup\u00e9rieure\u00a0\u00bb qui a permis ces voyages, ces d\u00e9couvertes et ces rencontres.<\/p>\n<p>Merci \u00e0 toutes les personnes qui m&rsquo;ont accompagn\u00e9es durant ces voyages aux quatre coins du monde. C&rsquo;est aussi gr\u00e2ce \u00e0 vous que tout cela est possible.<\/p>\n<p>Bonne visite \ud83d\ude42<\/p>\n<p><img loading=\"lazy\" decoding=\"async\" class=\"size-medium wp-image-22268 aligncenter\" src=\"https:\/\/ks-travel.fr\/wp-content\/uploads\/2026\/01\/cropped-cropped-Logo-2026-1-300x262.jpg\" alt=\"\" width=\"300\" height=\"262\" srcset=\"https:\/\/ks-travel.fr\/wp-content\/uploads\/2026\/01\/cropped-cropped-Logo-2026-1-300x262.jpg 300w, https:\/\/ks-travel.fr\/wp-content\/uploads\/2026\/01\/cropped-cropped-Logo-2026-1.jpg 595w\" sizes=\"auto, (max-width: 300px) 100vw, 300px\" \/><\/p>\n<h3 style=\"text-align: center;\"><span style=\"color: #ff0000;\"><strong>adventure starts here!<\/strong><\/span><\/h3>\n","protected":false},"excerpt":{"rendered":"<p>Bienvenue sur mon blog voyages J&rsquo;ai cr\u00e9e ce blog pour partager mes voyages effectu\u00e9s autour de la plan\u00e8te. Ks Travel est un site sans pr\u00e9tentions. Le but n&rsquo;est pas de dire apr\u00e8s un s\u00e9jour d&rsquo;un week-end \u00e0 plusieurs semaines que je connais le pays. Je souhaite simplement vous partager : des lieux magnifiques comme cette <a class=\"more-link\" href=\"https:\/\/ks-travel.fr\/index.php\/acceuil\/\">Lire plus &#8230;<\/a><\/p>\n","protected":false},"author":1,"featured_media":0,"parent":0,"menu_order":0,"comment_status":"closed","ping_status":"closed","template":"","meta":{"footnotes":""},"class_list":["post-2577","page","type-page","status-publish","hentry"],"_links":{"self":[{"href":"https:\/\/ks-travel.fr\/index.php\/wp-json\/wp\/v2\/pages\/2577","targetHints":{"allow":["GET"]}}],"collection":[{"href":"https:\/\/ks-travel.fr\/index.php\/wp-json\/wp\/v2\/pages"}],"about":[{"href":"https:\/\/ks-travel.fr\/index.php\/wp-json\/wp\/v2\/types\/page"}],"author":[{"embeddable":true,"href":"https:\/\/ks-travel.fr\/index.php\/wp-json\/wp\/v2\/users\/1"}],"replies":[{"embeddable":true,"href":"https:\/\/ks-travel.fr\/index.php\/wp-json\/wp\/v2\/comments?post=2577"}],"version-history":[{"count":8,"href":"https:\/\/ks-travel.fr\/index.php\/wp-json\/wp\/v2\/pages\/2577\/revisions"}],"predecessor-version":[{"id":22273,"href":"https:\/\/ks-travel.fr\/index.php\/wp-json\/wp\/v2\/pages\/2577\/revisions\/22273"}],"wp:attachment":[{"href":"https:\/\/ks-travel.fr\/index.php\/wp-json\/wp\/v2\/media?parent=2577"}],"curies":[{"name":"wp","href":"https:\/\/api.w.org\/{rel}","templated":true}]}}