{"id":1217,"date":"2016-11-12T16:10:15","date_gmt":"2016-11-12T15:10:15","guid":{"rendered":"http:\/\/ks-travel.fr\/?page_id=1217"},"modified":"2024-02-20T14:38:00","modified_gmt":"2024-02-20T13:38:00","slug":"fiches-pays","status":"publish","type":"page","link":"https:\/\/ks-travel.fr\/index.php\/fiches-pays\/","title":{"rendered":"Fiches Pays"},"content":{"rendered":"<p><img loading=\"lazy\" decoding=\"async\" class=\" wp-image-3539 aligncenter\" src=\"https:\/\/ks-travel.fr\/wp-content\/uploads\/2017\/02\/amerique-du-nord.png\" alt=\"\" width=\"200\" height=\"200\" srcset=\"https:\/\/ks-travel.fr\/wp-content\/uploads\/2017\/02\/amerique-du-nord.png 280w, https:\/\/ks-travel.fr\/wp-content\/uploads\/2017\/02\/amerique-du-nord-150x150.png 150w\" sizes=\"auto, (max-width: 200px) 100vw, 200px\" \/><\/p>\n<p><a href=\"https:\/\/ks-travel.fr\/index.php\/2017\/02\/11\/fiche-pays-antigua-barbuda\/\">ANTIGUA &amp; BARBUDA\u00a0<\/a><\/p>\n<p><a href=\"https:\/\/ks-travel.fr\/index.php\/2017\/02\/11\/fiche-pays-bahamas\/\">BAHAMAS<\/a><\/p>\n<p><a href=\"https:\/\/ks-travel.fr\/index.php\/2017\/02\/11\/fiche-pays-canada\/\">CANADA<\/a><\/p>\n<p><a href=\"https:\/\/ks-travel.fr\/index.php\/2017\/02\/11\/fiche-pays-cuba\/\">CUBA<\/a><\/p>\n<p><a href=\"https:\/\/ks-travel.fr\/index.php\/2017\/10\/09\/fiche-pays-dominique\/\">DOMINIQUE<\/a><\/p>\n<p><a href=\"https:\/\/ks-travel.fr\/index.php\/2017\/02\/11\/fiche-pays-etats-unis-damerique\/\">ETATS UNIS D&rsquo;AMERIQUE<\/a><\/p>\n<p><a href=\"https:\/\/ks-travel.fr\/index.php\/2017\/02\/11\/fiche-pays-guadeloupe\/\">GUADELOUPE\u00a0<\/a><\/p>\n<p><a href=\"https:\/\/ks-travel.fr\/index.php\/2017\/02\/11\/fiche-pays-haiti\/\">HAITI<\/a><\/p>\n<p><a href=\"https:\/\/ks-travel.fr\/index.php\/2017\/02\/11\/fiche-pays-martinique\/\">MARTINIQUE<\/a><\/p>\n<p><a href=\"https:\/\/ks-travel.fr\/index.php\/2017\/02\/11\/fiche-pays-mexique\/\">MEXIQUE<\/a><\/p>\n<p><a href=\"https:\/\/ks-travel.fr\/index.php\/2022\/05\/03\/fiche-pays-republique-dominicaine\/\">REPUBLIQUE DOMINICAINE<\/a><\/p>\n<p><a href=\"https:\/\/ks-travel.fr\/index.php\/2019\/05\/28\/fiche-pays-saint-martin\/\">SAINT MARTIN<\/a><\/p>\n<p><a href=\"https:\/\/ks-travel.fr\/index.php\/2019\/05\/28\/fiche-pays-sint-marteen\/\">SINT MARTEEN<\/a><\/p>\n<p><img loading=\"lazy\" decoding=\"async\" class=\" wp-image-3540 aligncenter\" src=\"https:\/\/ks-travel.fr\/wp-content\/uploads\/2017\/02\/Amerique-du-sud.png\" alt=\"\" width=\"200\" height=\"200\" srcset=\"https:\/\/ks-travel.fr\/wp-content\/uploads\/2017\/02\/Amerique-du-sud.png 280w, https:\/\/ks-travel.fr\/wp-content\/uploads\/2017\/02\/Amerique-du-sud-150x150.png 150w\" sizes=\"auto, (max-width: 200px) 100vw, 200px\" \/><\/p>\n<p><a href=\"https:\/\/ks-travel.fr\/index.php\/2017\/02\/11\/fiche-pays-argentine\/\">ARGENTINE<\/a><\/p>\n<p><a href=\"https:\/\/ks-travel.fr\/index.php\/2017\/02\/11\/fiche-pays-bresil\/\">BR\u00c9SIL<\/a><\/p>\n<p><a href=\"https:\/\/ks-travel.fr\/index.php\/2017\/02\/11\/fiche-pays-colombie\/\">COLOMBIE<\/a><\/p>\n<p><a href=\"https:\/\/ks-travel.fr\/index.php\/2018\/09\/19\/fiche-pays-equateur\/\">EQUATEUR <\/a><\/p>\n<p><a href=\"https:\/\/ks-travel.fr\/index.php\/2020\/03\/12\/fiche-pays-panama\/\">PANAMA<\/a><\/p>\n<p><img loading=\"lazy\" decoding=\"async\" class=\" wp-image-3538 aligncenter\" src=\"https:\/\/ks-travel.fr\/wp-content\/uploads\/2017\/02\/afrique.png\" alt=\"\" width=\"198\" height=\"198\" srcset=\"https:\/\/ks-travel.fr\/wp-content\/uploads\/2017\/02\/afrique.png 280w, https:\/\/ks-travel.fr\/wp-content\/uploads\/2017\/02\/afrique-150x150.png 150w\" sizes=\"auto, (max-width: 198px) 100vw, 198px\" \/><\/p>\n<p><a href=\"https:\/\/ks-travel.fr\/index.php\/2023\/04\/10\/fiche-pays-afrique-du-sud\/\">AFRIQUE DU SUD<\/a><\/p>\n<p><a href=\"https:\/\/ks-travel.fr\/index.php\/2023\/11\/17\/fiche-pays-algerie\/\">ALGERIE<\/a><\/p>\n<p><a href=\"https:\/\/ks-travel.fr\/index.php\/2023\/12\/12\/fiche-pays-benin\/\">BENIN<\/a><\/p>\n<p><a href=\"https:\/\/ks-travel.fr\/index.php\/2023\/02\/18\/fiche-pays-cote-divoire\/\">COTE D&rsquo;IVOIRE<\/a><\/p>\n<p><a href=\"https:\/\/ks-travel.fr\/index.php\/2018\/11\/07\/fiche-pays-egypte\/\">EGYPTE<\/a><\/p>\n<p><a href=\"https:\/\/ks-travel.fr\/index.php\/2019\/10\/04\/fiche-pays-ethiopie\/\">ETHIOPIE<\/a><\/p>\n<p><a href=\"https:\/\/ks-travel.fr\/index.php\/2021\/12\/07\/fiche-pays-gambie\/\">GAMBIE<\/a><\/p>\n<p><a href=\"https:\/\/ks-travel.fr\/index.php\/2017\/05\/31\/fiche-pays-ile-maurice\/\">\u00ceLE MAURICE<\/a><\/p>\n<p><a href=\"https:\/\/ks-travel.fr\/index.php\/2017\/06\/06\/fiche-pays-ile-de-la-reunion\/\">\u00ceLE DE LA R\u00c9UNION<\/a><\/p>\n<p><a href=\"https:\/\/ks-travel.fr\/index.php\/2018\/02\/17\/fiche-pays-kenya\/\">KENYA<\/a><\/p>\n<p><a href=\"https:\/\/ks-travel.fr\/index.php\/2022\/09\/24\/fiche-pays-rwanda\/\">RWANDA<\/a><\/p>\n<p><a href=\"https:\/\/ks-travel.fr\/index.php\/2018\/06\/08\/fiche-pays-madagascar\/\">MADAGASCAR<\/a><\/p>\n<p><a href=\"https:\/\/ks-travel.fr\/index.php\/2016\/08\/06\/maroc-agadir\/\">MAROC<\/a><\/p>\n<p><a href=\"https:\/\/ks-travel.fr\/index.php\/2017\/02\/11\/fiche-pays-senegal\/\">S\u00c9N\u00c9GAL<\/a><\/p>\n<p><a href=\"https:\/\/ks-travel.fr\/index.php\/2023\/10\/07\/fiche-pays-seychelles\/\">SEYCHELLES<\/a><\/p>\n<p><a href=\"https:\/\/ks-travel.fr\/index.php\/2024\/01\/11\/fiche-pays-tanzanie\/\">TANZANIE<\/a><\/p>\n<p><a href=\"https:\/\/ks-travel.fr\/index.php\/2023\/06\/03\/fiche-pays-tunisie\/\">TUNISIE<\/a><\/p>\n<p><img loading=\"lazy\" decoding=\"async\" class=\" wp-image-3534 aligncenter\" src=\"https:\/\/ks-travel.fr\/wp-content\/uploads\/2017\/02\/europe.png\" alt=\"\" width=\"200\" height=\"199\" srcset=\"https:\/\/ks-travel.fr\/wp-content\/uploads\/2017\/02\/europe.png 280w, https:\/\/ks-travel.fr\/wp-content\/uploads\/2017\/02\/europe-150x150.png 150w\" sizes=\"auto, (max-width: 200px) 100vw, 200px\" \/><\/p>\n<p><a href=\"https:\/\/ks-travel.fr\/index.php\/2017\/02\/11\/fiche-pays-allemagne\/\">ALLEMAGNE<\/a><\/p>\n<p><a href=\"https:\/\/ks-travel.fr\/index.php\/2017\/02\/11\/fiche-pays-andorre\/\">ANDORRE<\/a><\/p>\n<p><a href=\"https:\/\/ks-travel.fr\/index.php\/2023\/04\/10\/fiche-pays-autriche\/\">AUTRICHE<\/a><\/p>\n<p><a href=\"https:\/\/ks-travel.fr\/index.php\/2017\/02\/11\/fiche-pays-belgique\/\">BELGIQUE<\/a><\/p>\n<p><a href=\"https:\/\/ks-travel.fr\/index.php\/2021\/08\/05\/fiche-pays-bulgarie\/\">BULGARIE<\/a><\/p>\n<p><a href=\"https:\/\/ks-travel.fr\/index.php\/2021\/09\/20\/fiche-pays-croatie\/\">CROATIE<\/a><\/p>\n<p><a href=\"https:\/\/ks-travel.fr\/index.php\/2022\/07\/03\/fiche-pays-danemark\/\">DANEMARK<\/a><\/p>\n<p><a href=\"https:\/\/ks-travel.fr\/index.php\/2017\/02\/11\/fiche-pays-espagne\/\">ESPAGNE<\/a><\/p>\n<p><a href=\"https:\/\/ks-travel.fr\/index.php\/2022\/03\/05\/fiche-pays-finlande\/\">FINLANDE<\/a><\/p>\n<p><a href=\"https:\/\/ks-travel.fr\/index.php\/2017\/02\/11\/fiche-pays-grece\/\">GRECE<\/a>\u00a0&#8211; <a href=\"https:\/\/ks-travel.fr\/index.php\/2017\/02\/11\/fiche-pays-hongrie\/\">HONGRIE<\/a> &#8211; <a href=\"https:\/\/ks-travel.fr\/index.php\/2017\/02\/11\/fiche-pays-irlande\/\">IRLANDE<\/a><\/p>\n<p><a href=\"https:\/\/ks-travel.fr\/index.php\/2022\/07\/03\/fiche-pays-islande\/\">ISLANDE<\/a><\/p>\n<p><a href=\"https:\/\/ks-travel.fr\/index.php\/2017\/02\/11\/fiche-pays-italie\/\">ITALIE<\/a><\/p>\n<p><a href=\"https:\/\/ks-travel.fr\/index.php\/2017\/02\/11\/fiche-pays-luxembourg\/\">LUXEMBOURG<\/a><\/p>\n<p><a href=\"https:\/\/ks-travel.fr\/index.php\/2017\/02\/11\/fiche-pays-malte\/\">MALTE<\/a><\/p>\n<p><a href=\"https:\/\/ks-travel.fr\/index.php\/2017\/02\/11\/fiche-pays-monaco\/\">MONACO<\/a><\/p>\n<p><a href=\"https:\/\/ks-travel.fr\/index.php\/2023\/05\/29\/fiche-pays-norvege\/\">NORVEGE<\/a><\/p>\n<p><a href=\"https:\/\/ks-travel.fr\/index.php\/2017\/02\/11\/fiche-pays-pays-bas\/\">PAYS BAS<\/a><\/p>\n<p><a href=\"https:\/\/ks-travel.fr\/index.php\/2017\/02\/11\/fiche-pays-portugal\/\">PORTUGAL<\/a><\/p>\n<p><a href=\"https:\/\/ks-travel.fr\/index.php\/2017\/02\/11\/fiche-pays-republique-tcheque\/\">R\u00c9PUBLIQUE TCH\u00c8QUE<\/a><\/p>\n<p><a href=\"https:\/\/ks-travel.fr\/index.php\/2017\/02\/11\/fiche-pays-royaume-uni\/\">ROYAUME UNI<\/a><\/p>\n<p><a href=\"https:\/\/ks-travel.fr\/index.php\/2022\/08\/06\/fiche-pays-slovenie\/\">SLOVENIE<\/a><\/p>\n<p><a href=\"https:\/\/ks-travel.fr\/index.php\/2018\/01\/23\/fiche-pays-suede\/\">SU\u00c8DE<\/a><\/p>\n<p><a href=\"https:\/\/ks-travel.fr\/index.php\/2017\/02\/11\/fiche-pays-suisse\/\">SUISSE<\/a><\/p>\n<p><a href=\"https:\/\/ks-travel.fr\/index.php\/2017\/02\/11\/fiche-pays-vatican\/\">VATICAN<\/a><\/p>\n<p><img loading=\"lazy\" decoding=\"async\" class=\" wp-image-3541 aligncenter\" src=\"https:\/\/ks-travel.fr\/wp-content\/uploads\/2017\/02\/asie.png\" alt=\"\" width=\"200\" height=\"200\" srcset=\"https:\/\/ks-travel.fr\/wp-content\/uploads\/2017\/02\/asie.png 280w, https:\/\/ks-travel.fr\/wp-content\/uploads\/2017\/02\/asie-150x150.png 150w\" sizes=\"auto, (max-width: 200px) 100vw, 200px\" \/><\/p>\n<p><a href=\"https:\/\/ks-travel.fr\/index.php\/2024\/02\/20\/fiche-pays-chine\/\">CHINE<\/a><\/p>\n<p><a href=\"https:\/\/ks-travel.fr\/index.php\/2017\/02\/11\/fiche-pays-emirats-arabes-unis\/\">EMIRATS ARABES UNIS<\/a><\/p>\n<p><a href=\"https:\/\/ks-travel.fr\/index.php\/2017\/02\/11\/fiche-pays-hong-kong\/\">HONG KONG<\/a><\/p>\n<p><a href=\"https:\/\/ks-travel.fr\/index.php\/2017\/04\/16\/fiche-pays-inde\/\">INDE<\/a><\/p>\n<p><a href=\"https:\/\/ks-travel.fr\/index.php\/2022\/12\/07\/fiche-pays-israel\/\">ISRAEL<\/a><\/p>\n<p><a href=\"https:\/\/ks-travel.fr\/index.php\/2017\/02\/11\/fiche-pays-japon\/\">JAPON<\/a><\/p>\n<p><a href=\"https:\/\/ks-travel.fr\/index.php\/2017\/11\/20\/fiche-pays-jordanie\/\">JORDANIE<\/a><\/p>\n<p><a href=\"https:\/\/ks-travel.fr\/index.php\/2017\/02\/11\/fiche-pays-macao\/\">MACAO<\/a><\/p>\n<p><a href=\"https:\/\/ks-travel.fr\/index.php\/2019\/07\/02\/fiche-pays-malaisie\/\">MALAISIE<\/a><\/p>\n<p><a href=\"https:\/\/ks-travel.fr\/index.php\/2022\/12\/07\/fiche-pays-palestine\/\">PALESTINE<\/a><\/p>\n<p><a href=\"https:\/\/ks-travel.fr\/index.php\/2019\/07\/02\/fiche-pays-qatar\/\">QATAR<\/a><\/p>\n<p><a href=\"https:\/\/ks-travel.fr\/index.php\/2017\/02\/11\/fiche-pays-singapour\/\">SINGAPOUR<\/a><\/p>\n<p><a href=\"https:\/\/ks-travel.fr\/index.php\/2017\/02\/11\/fiche-pays-sultanat-doman\/\">SULTANAT D&rsquo;OMAN<\/a><\/p>\n<p><a href=\"https:\/\/ks-travel.fr\/index.php\/2024\/02\/20\/fiche-pays-taiwan\/\">TAIWAN<\/a><\/p>\n<p><a href=\"https:\/\/ks-travel.fr\/index.php\/2017\/02\/11\/fiche-pays-thailande\/\">THA\u00cfLANDE<\/a><\/p>\n<p><a href=\"https:\/\/ks-travel.fr\/index.php\/2017\/02\/11\/fiche-pays-turquie\/\">TURQUIE <\/a><\/p>\n<p><a href=\"https:\/\/ks-travel.fr\/index.php\/2017\/02\/11\/fiche-pays-viet-nam\/\">VIET NAM <\/a><\/p>\n<p><img loading=\"lazy\" decoding=\"async\" class=\" wp-image-3536 aligncenter\" src=\"https:\/\/ks-travel.fr\/wp-content\/uploads\/2017\/02\/oceanie.png\" alt=\"\" width=\"200\" height=\"200\" srcset=\"https:\/\/ks-travel.fr\/wp-content\/uploads\/2017\/02\/oceanie.png 280w, https:\/\/ks-travel.fr\/wp-content\/uploads\/2017\/02\/oceanie-150x150.png 150w\" sizes=\"auto, (max-width: 200px) 100vw, 200px\" \/><\/p>\n<p><a href=\"https:\/\/ks-travel.fr\/index.php\/2017\/02\/11\/fiche-pays-australie\/\">AUSTRALIE <\/a><\/p>\n<p><a href=\"https:\/\/ks-travel.fr\/index.php\/2017\/02\/11\/fiche-pays-nouvelle-zelande\/\">NOUVELLE Z\u00c9LANDE<\/a><\/p>\n","protected":false},"excerpt":{"rendered":"<p>ANTIGUA &amp; BARBUDA\u00a0 BAHAMAS CANADA CUBA DOMINIQUE ETATS UNIS D&rsquo;AMERIQUE GUADELOUPE\u00a0 HAITI MARTINIQUE MEXIQUE REPUBLIQUE DOMINICAINE SAINT MARTIN SINT MARTEEN ARGENTINE BR\u00c9SIL COLOMBIE EQUATEUR PANAMA AFRIQUE DU SUD ALGERIE BENIN COTE D&rsquo;IVOIRE EGYPTE ETHIOPIE GAMBIE \u00ceLE MAURICE \u00ceLE DE LA R\u00c9UNION KENYA RWANDA MADAGASCAR MAROC S\u00c9N\u00c9GAL SEYCHELLES TANZANIE TUNISIE ALLEMAGNE ANDORRE AUTRICHE BELGIQUE BULGARIE CROATIE <a class=\"more-link\" href=\"https:\/\/ks-travel.fr\/index.php\/fiches-pays\/\">Lire plus &#8230;<\/a><\/p>\n","protected":false},"author":1,"featured_media":5053,"parent":0,"menu_order":0,"comment_status":"closed","ping_status":"closed","template":"","meta":{"footnotes":""},"class_list":["post-1217","page","type-page","status-publish","has-post-thumbnail","hentry"],"_links":{"self":[{"href":"https:\/\/ks-travel.fr\/index.php\/wp-json\/wp\/v2\/pages\/1217","targetHints":{"allow":["GET"]}}],"collection":[{"href":"https:\/\/ks-travel.fr\/index.php\/wp-json\/wp\/v2\/pages"}],"about":[{"href":"https:\/\/ks-travel.fr\/index.php\/wp-json\/wp\/v2\/types\/page"}],"author":[{"embeddable":true,"href":"https:\/\/ks-travel.fr\/index.php\/wp-json\/wp\/v2\/users\/1"}],"replies":[{"embeddable":true,"href":"https:\/\/ks-travel.fr\/index.php\/wp-json\/wp\/v2\/comments?post=1217"}],"version-history":[{"count":58,"href":"https:\/\/ks-travel.fr\/index.php\/wp-json\/wp\/v2\/pages\/1217\/revisions"}],"predecessor-version":[{"id":16246,"href":"https:\/\/ks-travel.fr\/index.php\/wp-json\/wp\/v2\/pages\/1217\/revisions\/16246"}],"wp:featuredmedia":[{"embeddable":true,"href":"https:\/\/ks-travel.fr\/index.php\/wp-json\/wp\/v2\/media\/5053"}],"wp:attachment":[{"href":"https:\/\/ks-travel.fr\/index.php\/wp-json\/wp\/v2\/media?parent=1217"}],"curies":[{"name":"wp","href":"https:\/\/api.w.org\/{rel}","templated":true}]}}